{"id":478,"date":"2021-11-17T11:03:14","date_gmt":"2021-11-17T04:03:14","guid":{"rendered":"https:\/\/onghutco.vn\/?page_id=478"},"modified":"2021-11-17T22:14:11","modified_gmt":"2021-11-17T15:14:11","slug":"grass-straws","status":"publish","type":"page","link":"https:\/\/onghutco.vn\/en\/","title":{"rendered":"Grass straws"},"content":{"rendered":"\n  <div class=\"banner has-hover has-parallax\" id=\"banner-35422370\">\n          <div class=\"banner-inner fill\">\n        <div class=\"banner-bg fill\" data-parallax=\"-3\" data-parallax-container=\".banner\" data-parallax-background>\n            <img loading=\"lazy\" decoding=\"async\" width=\"1200\" height=\"900\" src=\"https:\/\/onghutco.vn\/wp-content\/uploads\/2020\/11\/Main-banner-sedge-grass-straws.jpg\" class=\"bg attachment-original size-original\" alt=\"Main banner sedge grass straws\" \/>                        <div class=\"overlay\"><\/div>            \n                    <\/div>\n\t\t\n        <div class=\"banner-layers container\">\n            <div class=\"fill banner-link\"><\/div>            \n   <div id=\"text-box-1295532842\" class=\"text-box banner-layer x50 md-x50 lg-x50 y50 md-y45 lg-y45 res-text\">\n                     <div data-animate=\"fadeInLeft\">           <div class=\"text-box-content text \">\n              \n              <div class=\"text-inner text-center\">\n                  \n\t<div id=\"text-503705972\" class=\"text\">\n\t\t\n<h3 class=\"title_main\"><span style=\"color: #ffffff;\">Grass Straw &#8211; Eco Friendly<\/span><\/h3>\n\t\t\n<style>\n#text-503705972 {\n  color: rgb(254, 254, 254);\n}\n#text-503705972 > * {\n  color: rgb(254, 254, 254);\n}\n<\/style>\n\t<\/div>\n\t\n              <\/div>\n           <\/div>\n       <\/div>                     \n<style>\n#text-box-1295532842 {\n  width: 80%;\n}\n#text-box-1295532842 .text-box-content {\n  font-size: 100%;\n}\n@media (min-width:550px) {\n  #text-box-1295532842 {\n    width: 47%;\n  }\n}\n<\/style>\n    <\/div>\n \n        <\/div>\n      <\/div>\n\n            \n<style>\n#banner-35422370 {\n  padding-top: 800px;\n}\n#banner-35422370 .overlay {\n  background-color: rgba(0, 0, 0, 0.3);\n}\n#banner-35422370 .banner-bg img {\n  object-position: 78% 92%;\n}\n@media (min-width:550px) {\n  #banner-35422370 .overlay {\n    background-color: rgba(255, 251, 251, 0.21);\n  }\n}\n<\/style>\n  <\/div>\n\n\n<div class=\"row row_2\"  id=\"row-984791215\">\n\n\t<div id=\"col-1479573808\" class=\"col small-12 large-12\"  >\n\t\t\t\t<div class=\"col-inner\"  >\n\t\t\t\n\t\t\t\n<div class=\"text-center\"><div class=\"is-divider divider clearfix\" style=\"max-width:80px;height:6px;background-color:rgb(0, 0, 0);\"><\/div><\/div>\n<h2 style=\"text-align: center;\">\u1ed0ng h\u00fat c\u1ecf th\u00e2n thi\u1ec7n m\u00f4i tr\u01b0\u1eddng thay th\u1ebf \u1ed1ng h\u00fat nh\u1ef1a.<\/h2>\n<p style=\"text-align: center;\"><span style=\"font-size: 120%;\">\u0110\u00e2y l\u00e0 \u1ed1ng h\u00fat \u0111\u01b0\u1ee3c l\u00e0m t\u1eeb 100% c\u1ecf b\u00e0ng. M\u1ed9t s\u1ea3n ph\u1ea9m ho\u00e0n to\u00e0n th\u00e2n thi\u1ec7n v\u1edbi m\u00f4i tr\u01b0\u1eddng v\u00e0 kh\u00f4ng ch\u1ee9a h\u00f3a ch\u1ea5t \u0111\u1ed9c h\u1ea1i. \u1ed0ng h\u00fat c\u1ecf d\u00f9ng \u0111\u1ec3 thay th\u1ebf c\u00e1c lo\u1ea1i \u1ed1ng h\u00fat s\u1eed d\u1ee5ng m\u1ed9t l\u1ea7n g\u00e2y h\u1ea1i cho m\u00f4i tr\u01b0\u1eddng nh\u01b0 \u1ed1ng h\u00fat nh\u1ef1a v\u00e0 \u1ed1ng h\u00fat gi\u1ea5y<\/span><\/p>\n\t\t<\/div>\n\t\t\t\t\t<\/div>\n\n\t\n\n<style>\n#row-984791215 > .col > .col-inner {\n  padding: 70px 70px 70px 70px;\n}\n<\/style>\n<\/div>\n<div class=\"row row-collapse row-full-width row_1\"  id=\"row-885932472\">\n\n\t<div id=\"col-1565708515\" class=\"col medium-6 small-12 large-6\"  >\n\t\t\t\t<div class=\"col-inner\"  >\n\t\t\t\n\t\t\t\n\n  <div class=\"banner has-hover has-parallax\" id=\"banner-46418743\">\n          <div class=\"banner-inner fill\">\n        <div class=\"banner-bg fill\" data-parallax=\"-1\" data-parallax-container=\".banner\" data-parallax-background>\n                                                \n                    <\/div>\n\t\t\n        <div class=\"banner-layers container\">\n            <div class=\"fill banner-link\"><\/div>            \n   <div id=\"text-box-959735656\" class=\"text-box banner-layer x10 md-x10 lg-x10 y50 md-y50 lg-y50 res-text\">\n                                <div class=\"text-box-content text \">\n              \n              <div class=\"text-inner text-left\">\n                  \n<div class=\"is-divider divider clearfix\" style=\"max-width:80px;height:5px;background-color:rgb(0, 0, 0);\"><\/div>\n<h3><span style=\"font-size: 95%;\">Vi\u1ec7c l\u00e0m nh\u1ecf thay \u0111\u1ed5i m\u00f4i tr\u01b0\u1eddng l\u1edbn<\/span><\/h3>\n<p>B\u1ea1n \u0111ang th\u1eadt s\u1ef1 mu\u1ed1n b\u1ea3o v\u1ec7 m\u00f4i tr\u01b0\u1eddng? V\u1eady th\u00ec t\u1ea1i sao l\u1ea1i kh\u00f4ng th\u1eed d\u00f9ng \u1ed1ng h\u00fat c\u1ecf? N\u00f3 ti\u1ec7n l\u1ee3i nh\u01b0 \u1ed1ng h\u00fat nh\u1ef1a m\u00e0 l\u1ea1i kh\u00f4ng g\u00e2y h\u1ea1i cho m\u00f4i tr\u01b0\u1eddng c\u1ee7a ch\u00fang ta.<\/p>\n<p>C\u00e1c lo\u1ea1i \u1ed1ng h\u00fat nh\u00e2n t\u1ea1o kh\u00e1c \u0111\u1ec1u s\u1eed d\u1ee5ng h\u00f3a ch\u1ea5t ho\u1eb7c khai th\u00e1c t\u00e0i nguy\u00ean g\u00e2y h\u1ea1i cho m\u00f4i tr\u01b0\u1eddng. Ri\u00eang \u1ed1ng h\u00fat c\u1ecf th\u00ec kh\u00f4ng! Ch\u00fang \u0111\u01b0\u1ee3c tr\u1ed3ng v\u00e0 s\u1ea3n xu\u1ea5t an to\u00e0n 100%.<\/p>\n<a href=\"https:\/\/onghutco.vn\/product-category\/mua-le-ong-hut-co\" class=\"button primary is-outline\" >\n\t\t<span>Mua l\u1ebb<\/span>\n\t<\/a>\n\n              <\/div>\n           <\/div>\n                            \n<style>\n#text-box-959735656 {\n  width: 74%;\n}\n#text-box-959735656 .text-box-content {\n  font-size: 100%;\n}\n@media (min-width:550px) {\n  #text-box-959735656 {\n    width: 66%;\n  }\n}\n<\/style>\n    <\/div>\n \n        <\/div>\n      <\/div>\n\n            \n<style>\n#banner-46418743 {\n  padding-top: 470px;\n  background-color: rgb(204, 153, 102);\n}\n<\/style>\n  <\/div>\n\n\n\t\t<\/div>\n\t\t\t\t\t<\/div>\n\n\t\n\n\t<div id=\"col-581442135\" class=\"col medium-6 small-12 large-6\"  >\n\t\t\t\t<div class=\"col-inner\"  >\n\t\t\t\n\t\t\t\n\n  <div class=\"banner has-hover has-parallax\" id=\"banner-1856319031\">\n          <div class=\"banner-inner fill\">\n        <div class=\"banner-bg fill\" data-parallax=\"-1\" data-parallax-container=\".banner\" data-parallax-background>\n            <img loading=\"lazy\" decoding=\"async\" width=\"800\" height=\"533\" src=\"https:\/\/onghutco.vn\/wp-content\/uploads\/2021\/11\/ong-hut-nhua-o-nhiem-moi-truong.jpg\" class=\"bg attachment-original size-original\" alt=\"loi-ich-cua-ong-hut-co\" \/>                                    \n                    <\/div>\n\t\t\n        <div class=\"banner-layers container\">\n            <div class=\"fill banner-link\"><\/div>            \n        <\/div>\n      <\/div>\n\n            \n<style>\n#banner-1856319031 {\n  padding-top: 470px;\n  background-color: rgb(164, 113, 186);\n}\n#banner-1856319031 .banner-bg img {\n  object-position: 15% 78%;\n}\n<\/style>\n  <\/div>\n\n\n\t\t<\/div>\n\t\t\t\t\t<\/div>\n\n\t\n<\/div>\n<div class=\"row row-collapse row-full-width row_1\"  id=\"row-1928842103\">\n\n\t<div id=\"col-880926281\" class=\"col medium-6 small-12 large-6\"  >\n\t\t\t\t<div class=\"col-inner\"  >\n\t\t\t\n\t\t\t\n\n  <div class=\"banner has-hover has-parallax\" id=\"banner-1470284908\">\n          <div class=\"banner-inner fill\">\n        <div class=\"banner-bg fill\" data-parallax=\"-1\" data-parallax-container=\".banner\" data-parallax-background>\n            <img loading=\"lazy\" decoding=\"async\" width=\"1080\" height=\"1080\" src=\"https:\/\/onghutco.vn\/wp-content\/uploads\/2021\/11\/mua-si-ong-hut-co-bang.jpg\" class=\"bg attachment-original size-original\" alt=\"C\u00f3 n\u00ean u\u1ed1ng n\u01b0\u1edbc b\u1eb1ng \u1ed1ng h\u00fat c\u1ecf? l\u00e0 c\u00e2u h\u1ecfi \u0111\u1eb7t ra c\u1ee7a r\u1ea5t nhi\u1ec1u ng\u01b0\u1eddi, b\u1edfi h\u1ecd kh\u00f4ng bi\u1ebft r\u1eb1ng li\u1ec7u s\u1eed d\u1ee5ng lo\u1ea1i \u1ed1ng h\u00fat n\u00e0y c\u00f3 \u1ea3nh h\u01b0\u1edfng g\u00ec x\u1ea5u t\u1edbi s\u1ee9c kh\u1ecfe\" \/>                                    \n                    <\/div>\n\t\t\n        <div class=\"banner-layers container\">\n            <div class=\"fill banner-link\"><\/div>            \n        <\/div>\n      <\/div>\n\n            \n<style>\n#banner-1470284908 {\n  padding-top: 470px;\n  background-color: rgb(164, 113, 186);\n}\n#banner-1470284908 .banner-bg img {\n  object-position: 35% 30%;\n}\n<\/style>\n  <\/div>\n\n\n\t\t<\/div>\n\t\t\t\t\t<\/div>\n\n\t\n\n\t<div id=\"col-705666246\" class=\"col medium-6 small-12 large-6\"  >\n\t\t\t\t<div class=\"col-inner\"  >\n\t\t\t\n\t\t\t\n\n  <div class=\"banner has-hover has-parallax\" id=\"banner-386324515\">\n          <div class=\"banner-inner fill\">\n        <div class=\"banner-bg fill\" data-parallax=\"-1\" data-parallax-container=\".banner\" data-parallax-background>\n                                                \n                    <\/div>\n\t\t\n        <div class=\"banner-layers container\">\n            <div class=\"fill banner-link\"><\/div>            \n   <div id=\"text-box-1882014473\" class=\"text-box banner-layer x10 md-x10 lg-x10 y50 md-y50 lg-y50 res-text\">\n                                <div class=\"text-box-content text \">\n              \n              <div class=\"text-inner text-left\">\n                  \n<div class=\"is-divider divider clearfix\" style=\"max-width:80px;height:5px;background-color:rgb(0, 0, 0);\"><\/div>\n<h3>H\u00e3y tr\u1ea3i nghi\u1ec7m \u1ed1ng h\u00fat c\u1ecf<\/h3>\n<p>Ch\u00fang t\u00f4i s\u1ea3n xu\u1ea5t v\u00e0 cung c\u1ea5p r\u1ea5t nhi\u1ec1u lo\u1ea1i \u1ed1ng h\u00fat th\u00e2n thi\u1ec7n v\u1edbi m\u00f4i tr\u01b0\u1eddng cho c\u00e1 nh\u00e2n l\u1eabn doanh nghi\u1ec7p, nh\u00e0 h\u00e0ng, qu\u00e1n cafe. H\u00e3y c\u00f9ng nhau kh\u00e1m ph\u00e1 lo\u1ea1i \u1ed1ng h\u00fat c\u1ecf ph\u00f9 h\u1ee3p v\u1edbi b\u1ea1n nh\u1ea5t t\u1ea1i \u0111\u00e2y!<\/p>\n<a href=\"https:\/\/onghutco.vn\/product-category\/mua-si-ong-hut-co\" class=\"button primary is-outline\" >\n\t\t<span>Mua s\u1ec9<\/span>\n\t<\/a>\n\n              <\/div>\n           <\/div>\n                            \n<style>\n#text-box-1882014473 {\n  width: 74%;\n}\n#text-box-1882014473 .text-box-content {\n  font-size: 100%;\n}\n@media (min-width:550px) {\n  #text-box-1882014473 {\n    width: 66%;\n  }\n}\n<\/style>\n    <\/div>\n \n        <\/div>\n      <\/div>\n\n            \n<style>\n#banner-386324515 {\n  padding-top: 470px;\n  background-color: rgb(204, 153, 102);\n}\n<\/style>\n  <\/div>\n\n\n\t\t<\/div>\n\t\t\t\t\t<\/div>\n\n\t\n<\/div>\n<div class=\"row row_2\"  id=\"row-111018199\">\n\n\t<div id=\"col-1689394752\" class=\"col small-12 large-12\"  >\n\t\t\t\t<div class=\"col-inner\"  >\n\t\t\t\n\t\t\t\n<div class=\"text-center\"><div class=\"is-divider divider clearfix\" style=\"max-width:80px;height:6px;background-color:rgb(0, 0, 0);\"><\/div><\/div>\n<h2 style=\"text-align: center;\">C\u00f9ng nhau tr\u1ea3i nghi\u1ec7m<\/h2>\n<p style=\"text-align: center;\">B\u1ea1n c\u00f3 th\u1ec3 tr\u1ea3i nghi\u1ec7m \u1ed1ng h\u00fat c\u1ecf c\u1ee7a ch\u00fang t\u00f4i t\u1ea1i:<\/p>\n<p style=\"text-align: center;\">Maybell Japan &#8211; Grass straws USA &#8211; Auraco Taiwan &#8211; Grand Sai Gon &#8211; Holiday Inn &#8211; Brew club<\/p>\n\t\t<\/div>\n\t\t\t\t\t<\/div>\n\n\t\n\n<style>\n#row-111018199 > .col > .col-inner {\n  padding: 70px 70px 70px 70px;\n}\n<\/style>\n<\/div>\n\n  <div class=\"banner has-hover\" id=\"banner-463032322\">\n          <div class=\"banner-inner fill\">\n        <div class=\"banner-bg fill\" >\n                                    <div class=\"overlay\"><\/div>            \n                    <\/div>\n\t\t\n        <div class=\"banner-layers container\">\n            <div class=\"fill banner-link\"><\/div>            \n   <div id=\"text-box-1152138769\" class=\"text-box banner-layer x50 md-x50 lg-x50 y50 md-y50 lg-y50 res-text\">\n              <div data-parallax=\"2\" data-parallax-fade=\"true\">                  <div class=\"text-box-content text dark\">\n              \n              <div class=\"text-inner text-center\">\n                  \n<h3 class=\"uppercase\">M\u1eabu th\u1eed mi\u1ec5n ph\u00ed<\/h3>\n<p>Ch\u00fang t\u00f4i cung c\u1ea5p m\u1eabu th\u1eed mi\u1ec5n ph\u00ed cho b\u1ea1n. B\u1ea1n ch\u1ec9 c\u1ea7n thanh to\u00e1n ph\u00ed v\u1eadn chuy\u1ec3n<\/p>\n<div id=\"timer-1016160503\" class=\"ux-timer dark\" data-text-plural=\"s\" data-text-hour=\"hour\" data-text-day=\"day\" data-text-week=\"week\" data-text-min=\"min\" data-text-sec=\"sec\" data-text-hour-p=\"\" data-text-day-p=\"\" data-text-week-p=\"\" data-text-min-p=\"\" data-text-sec-p=\"\" data-countdown=\"2021\/12\/11 18:00\"><span>&nbsp;<div class=\"loading-spin dark centered\"><\/div><strong>&nbsp;<\/strong><\/span><\/div>\n<style>\n#timer-1016160503 {\n  font-size: 300%;\n}\n#timer-1016160503 span {\n  background-color: rgba(0, 0, 0, 0.06);\n}\n<\/style>\n\n<a href=\"http:\/\/zalo.me\/1017979162501022082\" target=\"_blank\" class=\"button white\" rel=\"noopener\" style=\"border-radius:99px;\">\n\t\t<span>nh\u1eadn ngay<\/span>\n\t<\/a>\n\n              <\/div>\n           <\/div>\n              <\/div>              \n<style>\n#text-box-1152138769 {\n  width: 79%;\n}\n#text-box-1152138769 .text-box-content {\n  font-size: 100%;\n}\n@media (min-width:550px) {\n  #text-box-1152138769 {\n    width: 60%;\n  }\n}\n<\/style>\n    <\/div>\n \n        <\/div>\n      <\/div>\n\n            \n<style>\n#banner-463032322 {\n  padding-top: 500px;\n}\n#banner-463032322 .overlay {\n  background-color: rgba(0, 185, 179, 0.91);\n}\n<\/style>\n  <\/div>\n\n\n\n\t<section class=\"section\" id=\"section_1886488825\">\n\t\t<div class=\"section-bg fill\" >\n\t\t\t\t\t\t\t\t\t\n\t\t\t\n\n\t\t<\/div>\n\n\t\t\n\n\t\t<div class=\"section-content relative\">\n\t\t\t\n<div class=\"row\"  id=\"row-223281926\">\n\n\t<div id=\"col-1298707587\" class=\"col small-12 large-12\"  >\n\t\t\t\t<div class=\"col-inner\"  >\n\t\t\t\n\t\t\t\n<div class=\"searchform-wrapper ux-search-box relative form_search is-normal\"><form role=\"search\" method=\"get\" class=\"searchform\" action=\"https:\/\/onghutco.vn\/en\/\">\n\t<div class=\"flex-row relative\">\n\t\t\t\t\t\t<div class=\"flex-col flex-grow\">\n\t\t\t<label class=\"screen-reader-text\" for=\"woocommerce-product-search-field-0\">Search for:<\/label>\n\t\t\t<input type=\"search\" id=\"woocommerce-product-search-field-0\" class=\"search-field mb-0\" placeholder=\"H\u00e3y nh\u1eadp \u0111i\u1ec1u b\u1ea1n mu\u1ed1n t\u1ea1i \u0111\u00e2y!\" value=\"\" name=\"s\" \/>\n\t\t\t<input type=\"hidden\" name=\"post_type\" value=\"product\" \/>\n\t\t\t\t\t\t\t<input type=\"hidden\" name=\"lang\" value=\"en\" \/>\n\t\t\t\t\t<\/div>\n\t\t<div class=\"flex-col\">\n\t\t\t<button type=\"submit\" value=\"Search\" class=\"ux-search-submit submit-button secondary button  icon mb-0\" aria-label=\"Submit\">\n\t\t\t\t<i class=\"icon-search\" aria-hidden=\"true\"><\/i>\t\t\t<\/button>\n\t\t<\/div>\n\t<\/div>\n\t<div class=\"live-search-results text-left z-top\"><\/div>\n<\/form>\n<\/div>\n\t\t<\/div>\n\t\t\t\t\t<\/div>\n\n\t\n<\/div>\n\t\t<\/div>\n\n\t\t\n<style>\n#section_1886488825 {\n  padding-top: 70px;\n  padding-bottom: 70px;\n  background-color: rgb(226, 208, 168);\n}\n<\/style>\n\t<\/section>\n\t\n","protected":false},"excerpt":{"rendered":"","protected":false},"author":3,"featured_media":0,"parent":0,"menu_order":0,"comment_status":"closed","ping_status":"closed","template":"page-transparent-header.php","meta":{"slim_seo":{"title":"\u1ed0ng h\u00fat c\u1ecf b\u00e0ng - C\u00f4ng ty \u1ed1ng h\u00fat c\u1ecf b\u00e0ng s\u1ed1 m\u1ed9t Vi\u1ec7t Nam","description":"Grass Straw - Eco Friendly \u1ed0ng h\u00fat c\u1ecf th\u00e2n thi\u1ec7n m\u00f4i tr\u01b0\u1eddng thay th\u1ebf \u1ed1ng h\u00fat nh\u1ef1a. \u0110\u00e2y l\u00e0 \u1ed1ng h\u00fat \u0111\u01b0\u1ee3c l\u00e0m t\u1eeb 100% c\u1ecf b\u00e0ng. M\u1ed9t s\u1ea3n ph\u1ea9m ho\u00e0n to\u00e0n th\u00e2n thi\u1ec7n v\u1edb"},"footnotes":""},"class_list":["post-478","page","type-page","status-publish","hentry"],"_links":{"self":[{"href":"https:\/\/onghutco.vn\/en\/wp-json\/wp\/v2\/pages\/478","targetHints":{"allow":["GET"]}}],"collection":[{"href":"https:\/\/onghutco.vn\/en\/wp-json\/wp\/v2\/pages"}],"about":[{"href":"https:\/\/onghutco.vn\/en\/wp-json\/wp\/v2\/types\/page"}],"author":[{"embeddable":true,"href":"https:\/\/onghutco.vn\/en\/wp-json\/wp\/v2\/users\/3"}],"replies":[{"embeddable":true,"href":"https:\/\/onghutco.vn\/en\/wp-json\/wp\/v2\/comments?post=478"}],"version-history":[{"count":4,"href":"https:\/\/onghutco.vn\/en\/wp-json\/wp\/v2\/pages\/478\/revisions"}],"predecessor-version":[{"id":482,"href":"https:\/\/onghutco.vn\/en\/wp-json\/wp\/v2\/pages\/478\/revisions\/482"}],"wp:attachment":[{"href":"https:\/\/onghutco.vn\/en\/wp-json\/wp\/v2\/media?parent=478"}],"curies":[{"name":"wp","href":"https:\/\/api.w.org\/{rel}","templated":true}]}}